{"id":32,"date":"2011-05-30T17:13:45","date_gmt":"2011-05-30T16:13:45","guid":{"rendered":"http:\/\/localhost\/ngo\/?page_id=32"},"modified":"2019-10-01T16:44:00","modified_gmt":"2019-10-01T14:44:00","slug":"bolesti-zavisnosti","status":"publish","type":"page","link":"https:\/\/jazaspozarevac.org\/?page_id=32","title":{"rendered":"Bolesti zavisnosti"},"content":{"rendered":"<p style=\"text-align: justify;\">Bolesti<\/p>\n<p style=\"text-align: justify;\">Kori\u0161\u0107enje opojnih droga i svih ostalih psihoaktivnih supstanci opasno ugro\u017eava zdravlje \u010doveka. Znaju\u0107i da kori\u0161\u0107enje psihoaktivnih supstanci predstavlja i na\u010din \u017eivota koji se odvija uglavnom u svakom pogledu neprimenerom okru\u017eenju. Takav na\u010din \u017eivota opasno ugro\u017eava zdravlje \u010doveka. Narkotici se redovno u nehigijenskim uslovima me\u0161aju sa drugim nesterilnim i otrovnim supstancama (mi\u0161omor, gips, puder, cement&#8230;). Samo uno\u0161enje narkotika nosi stalni rizik od predoziranja, trovanja, infekcije HIV virusom ili virusom hepatitisa C. Usled uno\u0161enja psihoaktivnih supstanci dolazi do velikog optere\u0107enja jetre, bubrega, kao i ostalih endokrinih \u017elezda usled poreme\u0107aja celokupne biohemije organizma. Otrovi se talo\u017ee u svim ogranima, kao i \u0107elijama ljudskog ogranizma. Redovno dolazi do atrofije celokupnog misi\u0107nog sistema usled veoma ograni\u0107enog kretanja, \u0161to dalje uzrokuje promene na srcu i krvnim sudovima, kao i na disajnim ogranima. O\u0161te\u0107enja disajnih organa uzrokuju veoma slab dotok kiseonika u sve \u0107elije ljudskog organizma \u0161to uzrokuje i njihovo o\u0161te\u0107enje. Sve gore pomenuto uzrokuje poreme\u0107aj i slabljenje imunolo\u0161kog sistema, te samim tim i izrazenu podlo\u017enost svim poznatim bolestima.<\/p>\n<p><strong>Definicija droge po SZO glasi:<\/strong> &#8222;Droga je bilo koja hemijska supstanca koja prilikom uno\u0161enja u ljudski organizam menja prirodni tok funkcionisanja ljudskog tela i psihe.<br \/>\nDroge mogu biti proizvod sa\u010dinjen od prirodnih supstanci i ve\u0161ta\u010dke, kreirane i proizvedene u laboratorijama.<\/p>\n<p>Prema pravnoj regulativi, kao i prema socijalnoj prihvatljivosti u odnosu na datu definiciju droga, delimo ih na nekoliko grupa: &#8211; legalne droge &#8211; alkohol, duvan, razne vrste lepka &#8211; lekovi &#8211; razli\u010dite vrste lekova do kojih se dolazi bez posebnih procedura, lekovi koji su klasifikovani kao opojne droge i koji se po jasno definisanom pravnom okviru koriste u medicinske svrhe, &#8211; ilegalne droge &#8211; materije \u010dija je proizvodnja, distribucija i upotreba van zakonski definisanih okvira nelegalna.<br \/>\nPo na\u010dinu delovanja na svest imamo \u010detiri osnovne grupe opojnih sredstava:<\/p>\n<ul>\n<li style=\"text-align: justify;\"><strong>STIMULANSI<\/strong> &#8211; ova vrsta droga pove\u0107ava aktivnost centralnog nervnog sistema, stimuli\u0161e i ubrzava sve funkcije u Ijudskom organizmu, kako fizi\u010dke tako i psihi\u010dke (amfetamini, metamfetamini, kokain &#8211; krek, ekstazi, kofein, nikotin).<\/li>\n<li style=\"text-align: justify;\"><strong>DEPRESIVI<\/strong> &#8211; ova vrsta droga smanjuje aktivnosti centralnog nervnog sistema, usporava funkcije organizma, kako fizi\u010dke tako i psihi\u010dke (kanabis, lepkovi, alkohol, heroin, metadon\u2026).<\/li>\n<li style=\"text-align: justify;\"><strong>HALUCINOGENI <\/strong>&#8211; ova vrsta droga menja percepciju stvarnosti i mo\u017ee rezultirati halucinacijama i ponekad konfuzijom (LSD, magi\u010dne pe\u010durke, Pejotl, kanabis u visokim dozama).<\/li>\n<\/ul>\n<p><!--nosharesave--><\/p>\n","protected":false},"excerpt":{"rendered":"<p>Bolesti Kori\u0161\u0107enje opojnih droga i svih ostalih psihoaktivnih supstanci opasno ugro\u017eava zdravlje \u010doveka. Znaju\u0107i da kori\u0161\u0107enje psihoaktivnih supstanci predstavlja i na\u010din \u017eivota koji se odvija uglavnom u svakom pogledu neprimenerom okru\u017eenju. Takav na\u010din \u017eivota opasno ugro\u017eava zdravlje \u010doveka. Narkotici se redovno u nehigijenskim uslovima me\u0161aju sa drugim nesterilnim i otrovnim&#8230;<\/p>\n","protected":false},"author":1,"featured_media":0,"parent":0,"menu_order":1,"comment_status":"closed","ping_status":"closed","template":"","meta":{"footnotes":""},"class_list":["post-32","page","type-page","status-publish","hentry"],"_links":{"self":[{"href":"https:\/\/jazaspozarevac.org\/index.php?rest_route=\/wp\/v2\/pages\/32","targetHints":{"allow":["GET"]}}],"collection":[{"href":"https:\/\/jazaspozarevac.org\/index.php?rest_route=\/wp\/v2\/pages"}],"about":[{"href":"https:\/\/jazaspozarevac.org\/index.php?rest_route=\/wp\/v2\/types\/page"}],"author":[{"embeddable":true,"href":"https:\/\/jazaspozarevac.org\/index.php?rest_route=\/wp\/v2\/users\/1"}],"replies":[{"embeddable":true,"href":"https:\/\/jazaspozarevac.org\/index.php?rest_route=%2Fwp%2Fv2%2Fcomments&post=32"}],"version-history":[{"count":2,"href":"https:\/\/jazaspozarevac.org\/index.php?rest_route=\/wp\/v2\/pages\/32\/revisions"}],"predecessor-version":[{"id":5145,"href":"https:\/\/jazaspozarevac.org\/index.php?rest_route=\/wp\/v2\/pages\/32\/revisions\/5145"}],"wp:attachment":[{"href":"https:\/\/jazaspozarevac.org\/index.php?rest_route=%2Fwp%2Fv2%2Fmedia&parent=32"}],"curies":[{"name":"wp","href":"https:\/\/api.w.org\/{rel}","templated":true}]}}